{"id":2364,"date":"2025-10-16T10:17:35","date_gmt":"2025-10-16T08:17:35","guid":{"rendered":"https:\/\/ruaabogados.es\/?page_id=2364"},"modified":"2025-12-02T13:31:01","modified_gmt":"2025-12-02T12:31:01","slug":"unete-a-rua","status":"publish","type":"page","link":"https:\/\/ruaabogados.es\/en\/unete-a-rua\/","title":{"rendered":"Join R\u00faa"},"content":{"rendered":"<div data-elementor-type=\"wp-page\" data-elementor-id=\"2364\" class=\"elementor elementor-2364\" data-elementor-post-type=\"page\">\n\t\t\t\t<div class=\"elementor-element elementor-element-a69347a e-flex e-con-boxed e-con e-parent\" data-id=\"a69347a\" data-element_type=\"container\" data-settings=\"{&quot;background_background&quot;:&quot;classic&quot;}\">\n\t\t\t\t\t<div class=\"e-con-inner\">\n\t\t<div class=\"elementor-element elementor-element-d96de9f e-flex e-con-boxed e-con e-child\" data-id=\"d96de9f\" data-element_type=\"container\" data-settings=\"{&quot;background_background&quot;:&quot;classic&quot;}\">\n\t\t\t\t\t<div class=\"e-con-inner\">\n\t\t\t\t<div class=\"elementor-element elementor-element-4edb0ab elementor-widget elementor-widget-spacer\" data-id=\"4edb0ab\" data-element_type=\"widget\" data-widget_type=\"spacer.default\">\n\t\t\t\t<div class=\"elementor-widget-container\">\n\t\t\t\t\t\t\t<div class=\"elementor-spacer\">\n\t\t\t<div class=\"elementor-spacer-inner\"><\/div>\n\t\t<\/div>\n\t\t\t\t\t\t<\/div>\n\t\t\t\t<\/div>\n\t\t\t\t\t<\/div>\n\t\t\t\t<\/div>\n\t\t<div class=\"elementor-element elementor-element-b331b52 e-con-full e-flex e-con e-child\" data-id=\"b331b52\" data-element_type=\"container\">\n\t\t<div class=\"elementor-element elementor-element-584cbb6 e-con-full e-flex elementor-invisible e-con e-child\" data-id=\"584cbb6\" data-element_type=\"container\" data-settings=\"{&quot;animation&quot;:&quot;fadeIn&quot;}\">\n\t\t\t\t<div class=\"elementor-element elementor-element-c80a138 elementor-widget elementor-widget-heading\" data-id=\"c80a138\" data-element_type=\"widget\" data-widget_type=\"heading.default\">\n\t\t\t\t<div class=\"elementor-widget-container\">\n\t\t\t\t\t<h1 class=\"elementor-heading-title elementor-size-default\">JOIN R\u00daA<\/h1>\t\t\t\t<\/div>\n\t\t\t\t<\/div>\n\t\t\t\t<div class=\"elementor-element elementor-element-f7c4703 elementor-widget elementor-widget-html\" data-id=\"f7c4703\" data-element_type=\"widget\" data-widget_type=\"html.default\">\n\t\t\t\t<div class=\"elementor-widget-container\">\n\t\t\t\t\t<iframe \n  src=\"https:\/\/app.sesametime.com\/jobs-custom\/ruaabogados\" \n  class=\"iframe-full\" \n  allowfullscreen\n loading=\"lazy\"\n><\/iframe>\n\t\t\t\t<\/div>\n\t\t\t\t<\/div>\n\t\t\t\t<\/div>\n\t\t\t\t<\/div>\n\t\t\t\t\t<\/div>\n\t\t\t\t<\/div>\n\t\t\t\t<\/div>","protected":false},"excerpt":{"rendered":"<p>JOIN R\u00daA<\/p>","protected":false},"author":1,"featured_media":0,"parent":0,"menu_order":0,"comment_status":"closed","ping_status":"closed","template":"elementor_header_footer","meta":{"footnotes":""},"class_list":["post-2364","page","type-page","status-publish","hentry"],"yoast_head":"<!-- This site is optimized with the Yoast SEO plugin v25.9 - https:\/\/yoast.com\/wordpress\/plugins\/seo\/ -->\n<title>\u00danete a R\u00faa Abogados | Buscamos talento jur\u00eddico<\/title>\n<meta name=\"description\" content=\"\u00danete a R\u00faa Abogados: buscamos profesionales comprometidos con la justicia. Consulta nuestras vacantes y forma parte del equipo.\" \/>\n<meta name=\"robots\" content=\"index, follow, max-snippet:-1, max-image-preview:large, max-video-preview:-1\" \/>\n<link rel=\"canonical\" href=\"https:\/\/ruaabogados.es\/en\/unete-a-rua\/\" \/>\n<meta property=\"og:locale\" content=\"en_GB\" \/>\n<meta property=\"og:type\" content=\"article\" \/>\n<meta property=\"og:title\" content=\"\u00danete a R\u00faa Abogados | Buscamos talento jur\u00eddico\" \/>\n<meta property=\"og:description\" content=\"\u00danete a R\u00faa Abogados: buscamos profesionales comprometidos con la justicia. Consulta nuestras vacantes y forma parte del equipo.\" \/>\n<meta property=\"og:url\" content=\"https:\/\/ruaabogados.es\/en\/unete-a-rua\/\" \/>\n<meta property=\"og:site_name\" content=\"R\u00faa Abogados\" \/>\n<meta property=\"article:modified_time\" content=\"2025-12-02T12:31:01+00:00\" \/>\n<meta name=\"twitter:card\" content=\"summary_large_image\" \/>\n<meta name=\"twitter:label1\" content=\"Estimated reading time\" \/>\n\t<meta name=\"twitter:data1\" content=\"1 minute\" \/>\n<script type=\"application\/ld+json\" class=\"yoast-schema-graph\">{\"@context\":\"https:\/\/schema.org\",\"@graph\":[{\"@type\":\"WebPage\",\"@id\":\"https:\/\/ruaabogados.es\/unete-a-rua\/\",\"url\":\"https:\/\/ruaabogados.es\/unete-a-rua\/\",\"name\":\"\u00danete a R\u00faa Abogados | Buscamos talento jur\u00eddico\",\"isPartOf\":{\"@id\":\"https:\/\/ruaabogados.es\/#website\"},\"datePublished\":\"2025-10-16T08:17:35+00:00\",\"dateModified\":\"2025-12-02T12:31:01+00:00\",\"description\":\"\u00danete a R\u00faa Abogados: buscamos profesionales comprometidos con la justicia. Consulta nuestras vacantes y forma parte del equipo.\",\"breadcrumb\":{\"@id\":\"https:\/\/ruaabogados.es\/unete-a-rua\/#breadcrumb\"},\"inLanguage\":\"en-GB\",\"potentialAction\":[{\"@type\":\"ReadAction\",\"target\":[\"https:\/\/ruaabogados.es\/unete-a-rua\/\"]}]},{\"@type\":\"BreadcrumbList\",\"@id\":\"https:\/\/ruaabogados.es\/unete-a-rua\/#breadcrumb\",\"itemListElement\":[{\"@type\":\"ListItem\",\"position\":1,\"name\":\"Portada\",\"item\":\"https:\/\/ruaabogados.es\/\"},{\"@type\":\"ListItem\",\"position\":2,\"name\":\"\u00danete a R\u00faa\"}]},{\"@type\":\"WebSite\",\"@id\":\"https:\/\/ruaabogados.es\/#website\",\"url\":\"https:\/\/ruaabogados.es\/\",\"name\":\"R\u00faa Abogados\",\"description\":\"\",\"publisher\":{\"@id\":\"https:\/\/ruaabogados.es\/#organization\"},\"potentialAction\":[{\"@type\":\"SearchAction\",\"target\":{\"@type\":\"EntryPoint\",\"urlTemplate\":\"https:\/\/ruaabogados.es\/?s={search_term_string}\"},\"query-input\":{\"@type\":\"PropertyValueSpecification\",\"valueRequired\":true,\"valueName\":\"search_term_string\"}}],\"inLanguage\":\"en-GB\"},{\"@type\":\"Organization\",\"@id\":\"https:\/\/ruaabogados.es\/#organization\",\"name\":\"R\u00faa Abogados\",\"url\":\"https:\/\/ruaabogados.es\/\",\"logo\":{\"@type\":\"ImageObject\",\"inLanguage\":\"en-GB\",\"@id\":\"https:\/\/ruaabogados.es\/#\/schema\/logo\/image\/\",\"url\":\"https:\/\/ruaabogados.es\/wp-content\/uploads\/logo-rua.png\",\"contentUrl\":\"https:\/\/ruaabogados.es\/wp-content\/uploads\/logo-rua.png\",\"width\":976,\"height\":729,\"caption\":\"R\u00faa Abogados\"},\"image\":{\"@id\":\"https:\/\/ruaabogados.es\/#\/schema\/logo\/image\/\"}}]}<\/script>\n<!-- \/ Yoast SEO plugin. -->","yoast_head_json":{"title":"\u00danete a R\u00faa Abogados | Buscamos talento jur\u00eddico","description":"\u00danete a R\u00faa Abogados: buscamos profesionales comprometidos con la justicia. Consulta nuestras vacantes y forma parte del equipo.","robots":{"index":"index","follow":"follow","max-snippet":"max-snippet:-1","max-image-preview":"max-image-preview:large","max-video-preview":"max-video-preview:-1"},"canonical":"https:\/\/ruaabogados.es\/en\/unete-a-rua\/","og_locale":"en_GB","og_type":"article","og_title":"\u00danete a R\u00faa Abogados | Buscamos talento jur\u00eddico","og_description":"\u00danete a R\u00faa Abogados: buscamos profesionales comprometidos con la justicia. Consulta nuestras vacantes y forma parte del equipo.","og_url":"https:\/\/ruaabogados.es\/en\/unete-a-rua\/","og_site_name":"R\u00faa Abogados","article_modified_time":"2025-12-02T12:31:01+00:00","twitter_card":"summary_large_image","twitter_misc":{"Estimated reading time":"1 minute"},"schema":{"@context":"https:\/\/schema.org","@graph":[{"@type":"WebPage","@id":"https:\/\/ruaabogados.es\/unete-a-rua\/","url":"https:\/\/ruaabogados.es\/unete-a-rua\/","name":"\u00danete a R\u00faa Abogados | Buscamos talento jur\u00eddico","isPartOf":{"@id":"https:\/\/ruaabogados.es\/#website"},"datePublished":"2025-10-16T08:17:35+00:00","dateModified":"2025-12-02T12:31:01+00:00","description":"\u00danete a R\u00faa Abogados: buscamos profesionales comprometidos con la justicia. Consulta nuestras vacantes y forma parte del equipo.","breadcrumb":{"@id":"https:\/\/ruaabogados.es\/unete-a-rua\/#breadcrumb"},"inLanguage":"en-GB","potentialAction":[{"@type":"ReadAction","target":["https:\/\/ruaabogados.es\/unete-a-rua\/"]}]},{"@type":"BreadcrumbList","@id":"https:\/\/ruaabogados.es\/unete-a-rua\/#breadcrumb","itemListElement":[{"@type":"ListItem","position":1,"name":"Portada","item":"https:\/\/ruaabogados.es\/"},{"@type":"ListItem","position":2,"name":"\u00danete a R\u00faa"}]},{"@type":"WebSite","@id":"https:\/\/ruaabogados.es\/#website","url":"https:\/\/ruaabogados.es\/","name":"R\u00faa Abogados","description":"","publisher":{"@id":"https:\/\/ruaabogados.es\/#organization"},"potentialAction":[{"@type":"SearchAction","target":{"@type":"EntryPoint","urlTemplate":"https:\/\/ruaabogados.es\/?s={search_term_string}"},"query-input":{"@type":"PropertyValueSpecification","valueRequired":true,"valueName":"search_term_string"}}],"inLanguage":"en-GB"},{"@type":"Organization","@id":"https:\/\/ruaabogados.es\/#organization","name":"R\u00faa Abogados","url":"https:\/\/ruaabogados.es\/","logo":{"@type":"ImageObject","inLanguage":"en-GB","@id":"https:\/\/ruaabogados.es\/#\/schema\/logo\/image\/","url":"https:\/\/ruaabogados.es\/wp-content\/uploads\/logo-rua.png","contentUrl":"https:\/\/ruaabogados.es\/wp-content\/uploads\/logo-rua.png","width":976,"height":729,"caption":"R\u00faa Abogados"},"image":{"@id":"https:\/\/ruaabogados.es\/#\/schema\/logo\/image\/"}}]}},"_links":{"self":[{"href":"https:\/\/ruaabogados.es\/en\/wp-json\/wp\/v2\/pages\/2364","targetHints":{"allow":["GET"]}}],"collection":[{"href":"https:\/\/ruaabogados.es\/en\/wp-json\/wp\/v2\/pages"}],"about":[{"href":"https:\/\/ruaabogados.es\/en\/wp-json\/wp\/v2\/types\/page"}],"author":[{"embeddable":true,"href":"https:\/\/ruaabogados.es\/en\/wp-json\/wp\/v2\/users\/1"}],"replies":[{"embeddable":true,"href":"https:\/\/ruaabogados.es\/en\/wp-json\/wp\/v2\/comments?post=2364"}],"version-history":[{"count":19,"href":"https:\/\/ruaabogados.es\/en\/wp-json\/wp\/v2\/pages\/2364\/revisions"}],"predecessor-version":[{"id":2603,"href":"https:\/\/ruaabogados.es\/en\/wp-json\/wp\/v2\/pages\/2364\/revisions\/2603"}],"wp:attachment":[{"href":"https:\/\/ruaabogados.es\/en\/wp-json\/wp\/v2\/media?parent=2364"}],"curies":[{"name":"wp","href":"https:\/\/api.w.org\/{rel}","templated":true}]}}